{"id":954,"date":"2023-10-19T10:46:56","date_gmt":"2023-10-19T10:46:56","guid":{"rendered":"https:\/\/servicestation.ch\/?page_id=954"},"modified":"2025-10-15T15:19:03","modified_gmt":"2025-10-15T15:19:03","slug":"kosmos-kultur-stiftung","status":"publish","type":"page","link":"https:\/\/servicestation.ch\/en\/kosmos-kultur-stiftung\/","title":{"rendered":"Foundations"},"content":{"rendered":"<div id='av_section_1'  class='avia-section av-1w9c7-f5041db93914c1436e5548e40049bdba main_color avia-section-default avia-no-border-styling  avia-builder-el-0  avia-builder-el-no-sibling  avia-bg-style-scroll container_wrap fullsize'  ><div class='container av-section-cont-open' ><main  role=\"main\" itemprop=\"mainContentOfPage\"  class='template-page content  av-content-full alpha units'><div class='post-entry post-entry-type-page post-entry-954'><div class='entry-content-wrapper clearfix'>\n<div  class='flex_column av-bsc76-d36e0741e14d88b7738444b4341f330c av_one_full  avia-builder-el-1  el_before_av_textblock  avia-builder-el-first  first flex_column_div'     ><section  class='av_textblock_section av-lnx26y0j-ca4b1f3029345c5c5a22d22b543d3148'   itemscope=\"itemscope\" itemtype=\"https:\/\/schema.org\/CreativeWork\" ><div class='avia_textblock'  itemprop=\"text\" ><h1>Kosmos Culture Foundation since 2002<\/h1>\n<\/div><\/section><\/div><section  class='av_textblock_section av-1drlj-ccad52869d21c2411d16e459ae5044bf'   itemscope=\"itemscope\" itemtype=\"https:\/\/schema.org\/CreativeWork\" ><div class='avia_textblock'  itemprop=\"text\" ><p>We believe that art \u2013 in all its forms \u2013 is an essential part of life. It holds a universal power: the power to inspire, to innovate, and to transform. That\u2019s why our hotels, restaurants, offices, and boutique apartments are always filled with carefully curated contemporary art. Since 2002, we have proudly supported artists and cultural institutions, nurturing creativity and helping it thrive. <a href=\"https:\/\/kosmoskultur.ch\/\" target=\"_blank\" rel=\"noopener\">Kosmos Kultur Foundation<\/a>. Kindness is the key to happiness!<\/p>\n<\/div><\/section>\n<div  class='flex_column av-as5qa-cb2f3e5fdf6bee47b27e4bac09fddaf3 av_one_full  avia-builder-el-4  el_after_av_textblock  el_before_av_textblock  first flex_column_div  column-top-margin'     ><section  class='av_textblock_section av-mgs4v3vq-f54dc0ac29bc2450bb425fff568eebfb'   itemscope=\"itemscope\" itemtype=\"https:\/\/schema.org\/CreativeWork\" ><div class='avia_textblock'  itemprop=\"text\" ><h1>Berger-Willimann Foundation since 2025<\/h1>\n<\/div><\/section><\/div><section  class='av_textblock_section av-mgs4xnaw-6ccb4da897f9615553815e47de17a5ee'   itemscope=\"itemscope\" itemtype=\"https:\/\/schema.org\/CreativeWork\" ><div class='avia_textblock'  itemprop=\"text\" ><p>Education &amp; Talent Development<br \/>\nThe <a href=\"https:\/\/berger-willimann.ch\/\" target=\"_blank\" rel=\"noopener\">Berger-Willimann Foundation<\/a> stands for the promotion of people who are passionate about the hotel, gastronomy, tourism, art and culture industries \u2013 through training and continuing education projects, scholarships, courses and personal support on their professional path.<\/p>\n<\/div><\/section>\n\n<style type=\"text\/css\" data-created_by=\"avia_inline_auto\" id=\"style-css-av-zqcn-e290f06fb22346e6002a2e8f3fbf1640\">\n#top .hr.hr-invisible.av-zqcn-e290f06fb22346e6002a2e8f3fbf1640{\nheight:30px;\n}\n<\/style>\n<div  class='hr av-zqcn-e290f06fb22346e6002a2e8f3fbf1640 hr-invisible  avia-builder-el-7  el_after_av_textblock  el_before_av_image'><span class='hr-inner'><span class=\"hr-inner-style\"><\/span><\/span><\/div>\n\n<style type=\"text\/css\" data-created_by=\"avia_inline_auto\" id=\"style-css-av-lk10tmmd-573350a98d3120285b34091d39bc594d\">\n.avia-image-container.av-lk10tmmd-573350a98d3120285b34091d39bc594d img.avia_image{\nbox-shadow:none;\n}\n.avia-image-container.av-lk10tmmd-573350a98d3120285b34091d39bc594d .av-image-caption-overlay-center{\ncolor:#ffffff;\n}\n<\/style>\n<div  class='avia-image-container av-lk10tmmd-573350a98d3120285b34091d39bc594d av-styling-no-styling avia-align-center  avia-builder-el-8  el_after_av_hr  avia-builder-el-last'   itemprop=\"image\" itemscope=\"itemscope\" itemtype=\"https:\/\/schema.org\/ImageObject\" ><div class=\"avia-image-container-inner\"><div class=\"avia-image-overlay-wrap\"><img decoding=\"async\" fetchpriority=\"high\" class='wp-image-76 avia-img-lazy-loading-not-76 avia_image' src=\"https:\/\/servicestation.ch\/wp-content\/uploads\/2022\/02\/Service-Station-Business-Apartments-Art.jpg\" alt='Service Station Boutique Business Apartments' title=''  height=\"1280\" width=\"1920\"  itemprop=\"thumbnailUrl\" srcset=\"https:\/\/servicestation.ch\/wp-content\/uploads\/2022\/02\/Service-Station-Business-Apartments-Art.jpg 1920w, https:\/\/servicestation.ch\/wp-content\/uploads\/2022\/02\/Service-Station-Business-Apartments-Art-300x200.jpg 300w, https:\/\/servicestation.ch\/wp-content\/uploads\/2022\/02\/Service-Station-Business-Apartments-Art-1030x687.jpg 1030w, https:\/\/servicestation.ch\/wp-content\/uploads\/2022\/02\/Service-Station-Business-Apartments-Art-768x512.jpg 768w, https:\/\/servicestation.ch\/wp-content\/uploads\/2022\/02\/Service-Station-Business-Apartments-Art-1536x1024.jpg 1536w, https:\/\/servicestation.ch\/wp-content\/uploads\/2022\/02\/Service-Station-Business-Apartments-Art-1500x1000.jpg 1500w, https:\/\/servicestation.ch\/wp-content\/uploads\/2022\/02\/Service-Station-Business-Apartments-Art-705x470.jpg 705w\" sizes=\"(max-width: 1920px) 100vw, 1920px\" \/><\/div><\/div><\/div>","protected":false},"excerpt":{"rendered":"","protected":false},"author":1,"featured_media":0,"parent":0,"menu_order":0,"comment_status":"closed","ping_status":"closed","template":"","meta":{"inline_featured_image":false,"footnotes":""},"class_list":["post-954","page","type-page","status-publish","hentry"],"yoast_head":"<!-- This site is optimized with the Yoast SEO plugin v27.5 - https:\/\/yoast.com\/product\/yoast-seo-wordpress\/ -->\n<title>Kosmos Kultur Stiftung<\/title>\n<meta name=\"description\" content=\"Wir glauben an die unbedingte Notwendigkeit der Kunst in allen Formen in unser aller Leben. Sie hat die universale Kraft der menschlichen Innovation und Transformation. Und genau darum sind unsere Hotels, Restaurants, B\u00fcros und Boutique Apartments immer reichlich mit zeitgen\u00f6ssischer Kunst ausgestattet. Wir unterst\u00fctzen seit 2002 K\u00fcnstler, K\u00fcnstlerinnen und Institutionen mit unserer Kosmos Kultur Stiftung. Altruismus macht gl\u00fccklich!\" \/>\n<meta name=\"robots\" content=\"index, follow, max-snippet:-1, max-image-preview:large, max-video-preview:-1\" \/>\n<link rel=\"canonical\" href=\"https:\/\/servicestation.ch\/en\/kosmos-kultur-stiftung\/\" \/>\n<meta property=\"og:locale\" content=\"en_GB\" \/>\n<meta property=\"og:type\" content=\"article\" \/>\n<meta property=\"og:title\" content=\"Kosmos Kultur Stiftung\" \/>\n<meta property=\"og:description\" content=\"Wir glauben an die unbedingte Notwendigkeit der Kunst in allen Formen in unser aller Leben. Sie hat die universale Kraft der menschlichen Innovation und Transformation. Und genau darum sind unsere Hotels, Restaurants, B\u00fcros und Boutique Apartments immer reichlich mit zeitgen\u00f6ssischer Kunst ausgestattet. Wir unterst\u00fctzen seit 2002 K\u00fcnstler, K\u00fcnstlerinnen und Institutionen mit unserer Kosmos Kultur Stiftung. Altruismus macht gl\u00fccklich!\" \/>\n<meta property=\"og:url\" content=\"https:\/\/servicestation.ch\/en\/kosmos-kultur-stiftung\/\" \/>\n<meta property=\"og:site_name\" content=\"Service Station\" \/>\n<meta property=\"article:modified_time\" content=\"2025-10-15T15:19:03+00:00\" \/>\n<meta name=\"twitter:card\" content=\"summary_large_image\" \/>\n<meta name=\"twitter:label1\" content=\"Estimated reading time\" \/>\n\t<meta name=\"twitter:data1\" content=\"1 minute\" \/>\n<script type=\"application\/ld+json\" class=\"yoast-schema-graph\">{\"@context\":\"https:\\\/\\\/schema.org\",\"@graph\":[{\"@type\":\"WebPage\",\"@id\":\"https:\\\/\\\/servicestation.ch\\\/kosmos-kultur-stiftung\\\/\",\"url\":\"https:\\\/\\\/servicestation.ch\\\/kosmos-kultur-stiftung\\\/\",\"name\":\"Kosmos Kultur Stiftung\",\"isPartOf\":{\"@id\":\"https:\\\/\\\/servicestation.ch\\\/#website\"},\"datePublished\":\"2023-10-19T10:46:56+00:00\",\"dateModified\":\"2025-10-15T15:19:03+00:00\",\"description\":\"Wir glauben an die unbedingte Notwendigkeit der Kunst in allen Formen in unser aller Leben. Sie hat die universale Kraft der menschlichen Innovation und Transformation. Und genau darum sind unsere Hotels, Restaurants, B\u00fcros und Boutique Apartments immer reichlich mit zeitgen\u00f6ssischer Kunst ausgestattet. Wir unterst\u00fctzen seit 2002 K\u00fcnstler, K\u00fcnstlerinnen und Institutionen mit unserer Kosmos Kultur Stiftung. Altruismus macht gl\u00fccklich!\",\"breadcrumb\":{\"@id\":\"https:\\\/\\\/servicestation.ch\\\/kosmos-kultur-stiftung\\\/#breadcrumb\"},\"inLanguage\":\"en-GB\",\"potentialAction\":[{\"@type\":\"ReadAction\",\"target\":[\"https:\\\/\\\/servicestation.ch\\\/kosmos-kultur-stiftung\\\/\"]}]},{\"@type\":\"BreadcrumbList\",\"@id\":\"https:\\\/\\\/servicestation.ch\\\/kosmos-kultur-stiftung\\\/#breadcrumb\",\"itemListElement\":[{\"@type\":\"ListItem\",\"position\":1,\"name\":\"Home\",\"item\":\"https:\\\/\\\/servicestation.ch\\\/\"},{\"@type\":\"ListItem\",\"position\":2,\"name\":\"Stiftungen\"}]},{\"@type\":\"WebSite\",\"@id\":\"https:\\\/\\\/servicestation.ch\\\/#website\",\"url\":\"https:\\\/\\\/servicestation.ch\\\/\",\"name\":\"Service Station\",\"description\":\"to serve and protect\",\"potentialAction\":[{\"@type\":\"SearchAction\",\"target\":{\"@type\":\"EntryPoint\",\"urlTemplate\":\"https:\\\/\\\/servicestation.ch\\\/?s={search_term_string}\"},\"query-input\":{\"@type\":\"PropertyValueSpecification\",\"valueRequired\":true,\"valueName\":\"search_term_string\"}}],\"inLanguage\":\"en-GB\"}]}<\/script>\n<!-- \/ Yoast SEO plugin. -->","yoast_head_json":{"title":"Kosmos Kultur Foundation","description":"Wir glauben an die unbedingte Notwendigkeit der Kunst in allen Formen in unser aller Leben. Sie hat die universale Kraft der menschlichen Innovation und Transformation. Und genau darum sind unsere Hotels, Restaurants, B\u00fcros und Boutique Apartments immer reichlich mit zeitgen\u00f6ssischer Kunst ausgestattet. Wir unterst\u00fctzen seit 2002 K\u00fcnstler, K\u00fcnstlerinnen und Institutionen mit unserer Kosmos Kultur Stiftung. Altruismus macht gl\u00fccklich!","robots":{"index":"index","follow":"follow","max-snippet":"max-snippet:-1","max-image-preview":"max-image-preview:large","max-video-preview":"max-video-preview:-1"},"canonical":"https:\/\/servicestation.ch\/en\/kosmos-kultur-stiftung\/","og_locale":"en_GB","og_type":"article","og_title":"Kosmos Kultur Stiftung","og_description":"Wir glauben an die unbedingte Notwendigkeit der Kunst in allen Formen in unser aller Leben. Sie hat die universale Kraft der menschlichen Innovation und Transformation. Und genau darum sind unsere Hotels, Restaurants, B\u00fcros und Boutique Apartments immer reichlich mit zeitgen\u00f6ssischer Kunst ausgestattet. Wir unterst\u00fctzen seit 2002 K\u00fcnstler, K\u00fcnstlerinnen und Institutionen mit unserer Kosmos Kultur Stiftung. Altruismus macht gl\u00fccklich!","og_url":"https:\/\/servicestation.ch\/en\/kosmos-kultur-stiftung\/","og_site_name":"Service Station","article_modified_time":"2025-10-15T15:19:03+00:00","twitter_card":"summary_large_image","twitter_misc":{"Estimated reading time":"1 minute"},"schema":{"@context":"https:\/\/schema.org","@graph":[{"@type":"WebPage","@id":"https:\/\/servicestation.ch\/kosmos-kultur-stiftung\/","url":"https:\/\/servicestation.ch\/kosmos-kultur-stiftung\/","name":"Kosmos Kultur Foundation","isPartOf":{"@id":"https:\/\/servicestation.ch\/#website"},"datePublished":"2023-10-19T10:46:56+00:00","dateModified":"2025-10-15T15:19:03+00:00","description":"Wir glauben an die unbedingte Notwendigkeit der Kunst in allen Formen in unser aller Leben. Sie hat die universale Kraft der menschlichen Innovation und Transformation. Und genau darum sind unsere Hotels, Restaurants, B\u00fcros und Boutique Apartments immer reichlich mit zeitgen\u00f6ssischer Kunst ausgestattet. Wir unterst\u00fctzen seit 2002 K\u00fcnstler, K\u00fcnstlerinnen und Institutionen mit unserer Kosmos Kultur Stiftung. Altruismus macht gl\u00fccklich!","breadcrumb":{"@id":"https:\/\/servicestation.ch\/kosmos-kultur-stiftung\/#breadcrumb"},"inLanguage":"en-GB","potentialAction":[{"@type":"ReadAction","target":["https:\/\/servicestation.ch\/kosmos-kultur-stiftung\/"]}]},{"@type":"BreadcrumbList","@id":"https:\/\/servicestation.ch\/kosmos-kultur-stiftung\/#breadcrumb","itemListElement":[{"@type":"ListItem","position":1,"name":"Home","item":"https:\/\/servicestation.ch\/"},{"@type":"ListItem","position":2,"name":"Stiftungen"}]},{"@type":"WebSite","@id":"https:\/\/servicestation.ch\/#website","url":"https:\/\/servicestation.ch\/","name":"Service Station","description":"to serve and protect","potentialAction":[{"@type":"SearchAction","target":{"@type":"EntryPoint","urlTemplate":"https:\/\/servicestation.ch\/?s={search_term_string}"},"query-input":{"@type":"PropertyValueSpecification","valueRequired":true,"valueName":"search_term_string"}}],"inLanguage":"en-GB"}]}},"_links":{"self":[{"href":"https:\/\/servicestation.ch\/en\/wp-json\/wp\/v2\/pages\/954","targetHints":{"allow":["GET"]}}],"collection":[{"href":"https:\/\/servicestation.ch\/en\/wp-json\/wp\/v2\/pages"}],"about":[{"href":"https:\/\/servicestation.ch\/en\/wp-json\/wp\/v2\/types\/page"}],"author":[{"embeddable":true,"href":"https:\/\/servicestation.ch\/en\/wp-json\/wp\/v2\/users\/1"}],"replies":[{"embeddable":true,"href":"https:\/\/servicestation.ch\/en\/wp-json\/wp\/v2\/comments?post=954"}],"version-history":[{"count":7,"href":"https:\/\/servicestation.ch\/en\/wp-json\/wp\/v2\/pages\/954\/revisions"}],"predecessor-version":[{"id":1714,"href":"https:\/\/servicestation.ch\/en\/wp-json\/wp\/v2\/pages\/954\/revisions\/1714"}],"wp:attachment":[{"href":"https:\/\/servicestation.ch\/en\/wp-json\/wp\/v2\/media?parent=954"}],"curies":[{"name":"wp","href":"https:\/\/api.w.org\/{rel}","templated":true}]}}